{"id":898,"date":"2023-03-11T07:51:22","date_gmt":"2023-03-11T06:51:22","guid":{"rendered":"https:\/\/areni.lleset.cat\/politica-de-privacitat\/"},"modified":"2023-03-14T18:27:16","modified_gmt":"2023-03-14T17:27:16","slug":"politica-de-privacidad","status":"publish","type":"page","link":"https:\/\/areni.cat\/es\/politica-de-privacidad\/","title":{"rendered":"Pol\u00edtica de Privacidad"},"content":{"rendered":"\t\t<div data-elementor-type=\"wp-page\" data-elementor-id=\"898\" class=\"elementor elementor-898 elementor-22\" data-elementor-post-type=\"page\">\n\t\t\t\t<div class=\"elementor-element elementor-element-4bccccc e-flex e-con-boxed e-con e-parent\" data-id=\"4bccccc\" data-element_type=\"container\" data-e-type=\"container\">\n\t\t\t\t\t<div class=\"e-con-inner\">\n\t\t\t\t<div class=\"elementor-element elementor-element-3283e28 elementor-widget elementor-widget-heading\" data-id=\"3283e28\" data-element_type=\"widget\" data-e-type=\"widget\" data-widget_type=\"heading.default\">\n\t\t\t\t<div class=\"elementor-widget-container\">\n\t\t\t\t\t<h1 class=\"elementor-heading-title elementor-size-default\">Pol\u00edtica de Privacidad<\/h1>\t\t\t\t<\/div>\n\t\t\t\t<\/div>\n\t\t\t\t<div class=\"elementor-element elementor-element-ad41b9a jet-breadcrumbs-align-left elementor-widget elementor-widget-jet-breadcrumbs\" data-id=\"ad41b9a\" data-element_type=\"widget\" data-e-type=\"widget\" data-widget_type=\"jet-breadcrumbs.default\">\n\t\t\t\t<div class=\"elementor-widget-container\">\n\t\t\t\t\t<div class=\"elementor-jet-breadcrumbs jet-blocks\">\n\t\t<div class=\"jet-breadcrumbs\">\n\t\t<div class=\"jet-breadcrumbs__content\">\n\t\t<div class=\"jet-breadcrumbs__wrap\"><div class=\"jet-breadcrumbs__item\"><a href=\"https:\/\/areni.cat\/es\/\" class=\"jet-breadcrumbs__item-link is-home\" rel=\"home\" title=\"Areni\">Areni<\/a><\/div>\n\t\t<\/div>\n\t\t<\/div>\n\t\t<\/div><\/div>\t\t\t\t<\/div>\n\t\t\t\t<\/div>\n\t\t\t\t\t<\/div>\n\t\t\t\t<\/div>\n\t\t<div class=\"elementor-element elementor-element-ba46120 e-flex e-con-boxed e-con e-parent\" data-id=\"ba46120\" data-element_type=\"container\" data-e-type=\"container\">\n\t\t\t\t\t<div class=\"e-con-inner\">\n\t\t\t\t<div class=\"elementor-element elementor-element-4968970 elementor-widget elementor-widget-text-editor\" data-id=\"4968970\" data-element_type=\"widget\" data-e-type=\"widget\" data-widget_type=\"text-editor.default\">\n\t\t\t\t<div class=\"elementor-widget-container\">\n\t\t\t\t\t\t\t\t\t<p>OFICINA T\u00c8CNICA ARENI, S.L., informa els usuaris del lloc web sobre la seva pol\u00edtica respecte al tractament i protecci\u00f3 de les dades de car\u00e0cter personal dels usuaris i clients. I garanteix en tot moment l&#8217;\u00edntegre i ple compliment de les obligacions disposades per la normativa de protecci\u00f3 de dades i serveis de la societat de la informaci\u00f3: Reglament (UE) 2016\/679 del Parlament Europeu i del Consell, de 27 d&#8217;abril de 2016, relatiu a la protecci\u00f3 de les persones f\u00edsiques pel que fa al tractament de dades personals i a la lliure circulaci\u00f3 d&#8217;aquestes dades (RGPD), la normativa Llei Org\u00e0nica 3\/2018, de 5 de desembre, de Protecci\u00f3 de Dades Personals i garantia dels drets digitals (LOPDGDD) i la Llei 34\/2002, d&#8217;11 de juliol, de Serveis de la Societat de la Informaci\u00f3 i del Comer\u00e7 Electr\u00f2nic (LSSIce).<\/p><div class=\"fancy-title title-bottom-border\"><h2>RESPONSABLE DEL TRACTAMENT<\/h2><\/div><p>OFICINA T\u00c8CNICA ARENI, S.L.<br \/>C.I.F.: B66976028<br \/>Domicili: C\/ DOMENEC CARDENAL, 2 3\u00ba- 2\u00aa &#8211; 25230 &#8211; MOLLERUSSA (LLEIDA).<br \/>Dades registrals: Registre Mercantil de Barcelona, Tom 45971, Foli 115, Fulla B 505535, Inscripci\u00f3 2\u00b0, Data 20-03-2017<br \/>Tel\u00e8fon: 973710955<br \/>Correu electr\u00f2nic: eniubo@areni.cat<\/p><div class=\"fancy-title title-bottom-border\"><h2>FINALITATS DEL TRACTAMENT DE DADES<\/h2><\/div><p>Les dades seran utilitzades per mantenir una relaci\u00f3 comercial amb l\u2019Usuari. Les operacions previstes per realitzar el tractament son: &#8211; Remissi\u00f3 de comunicacions comercials publicit\u00e0ries per e-mail, fax, SMS, MMS, xarxes socials o qualsevol altre mitj\u00e0 electr\u00f2nic o f\u00edsic, present o futur, que possibiliti realitzar comunicacions comercials. Aquestes comunicacions seran realitzades per El Responsable i relacionades amb els seus productes i serveis, o amb els dels seus col\u00b7laboradors o prove\u00efdors amb els quals aquest hagi arribat a algun acord de promoci\u00f3. En aquest cas, els tercers mai tindran acc\u00e9s a les dades personals. &#8211; Tramitar enc\u00e0rrecs de peticions o qualsevol tipus de petici\u00f3 que sigui realitzada per l&#8217;usuari a trav\u00e9s de qualsevol de les formes de contacte que es posen a la seva disposici\u00f3. &#8211; Remetre el butllet\u00ed de not\u00edcies de la p\u00e0gina web.<\/p><div class=\"fancy-title title-bottom-border\"><h2>RESPONSABLE DEL TRACTAMENT<\/h2><\/div><p>Les dades personals proporcionades es conservaran fins que la persona interessada en sol\u00b7liciti la supressi\u00f3, exercint els seus drets sobre les dades, i en qualsevol cas en compliment de terminis legals de prescripci\u00f3 que li siguin aplicables.<\/p><div class=\"fancy-title title-bottom-border\"><h2>LEGITIMACI\u00d3<\/h2><\/div><p><br \/>La base legal per al tractament de les dades personals est\u00e0 basada en el consentiment expr\u00e9s del propi interessat o si escau en l&#8217;execuci\u00f3 d&#8217;un contracte i\/o servei. En qualsevol moment es podr\u00e0 exercir el dret a retirar el consentiment sense que aix\u00f2 afecti la licitud del tractament basat en el consentiment previ a la seva retirada. DESTINATARIS DE LES DADES<br \/>Les dades seran utilitzades pel Responsable, tamb\u00e9 podr\u00e0 comunicar leg\u00edtimament les dades personals amb els encarregats de tractament per a l&#8217;execuci\u00f3 d&#8217;un contracte o prestaci\u00f3 d&#8217;un servei al Responsable, seguint per aix\u00f2 les seves instruccions en tot moment i assegurant els mateixos nivells de seguretat.<\/p><div class=\"fancy-title title-bottom-border\"><h2>DRETS DELS USUARIS<\/h2><\/div><p>L&#8217;usuari t\u00e9 dret a:<\/p><div class=\"row col-mb-50\"><div class=\"col-sm-6 col-md-12 col-lg-6\"><ul class=\"iconlist iconlist-color mb-0\"><li><i class=\"icon-caret-right\"><\/i>Sol\u00b7licitar l&#8217;acc\u00e9s a les seves dades personals que s&#8217;estan tractant i rebre aquesta informaci\u00f3 per escrit pel mitj\u00e0 sol\u00b7licitat.<\/li><li><i class=\"icon-caret-right\"><\/i>Sol\u00b7licitar la rectificaci\u00f3 de les dades personals inexactes o, si escau, sol\u00b7licitar la seva supressi\u00f3 quan, entre altres motius, les dades ja no siguin necessaris per a la finalitat pels quals van ser recollits.<\/li><li><i class=\"icon-caret-right\"><\/i>Sol\u00b7licitar la limitaci\u00f3 del tractament de les seves dades.<\/li><li><i class=\"icon-caret-right\"><\/i>Oposar-se al tractament de les seves dades personals quan escaigui, en aquest cas es deixaran de tractar les seves dades excepte per motius leg\u00edtims.<\/li><li><i class=\"icon-caret-right\"><\/i>Dret a la portabilitat de les dades. L&#8217;interessat\/interessada t\u00e9 dret a rebre les dades personals si han estat facilitades en un format estructurat, d&#8217;\u00fas com\u00fa i de lectura mec\u00e0nica, i a transmetre-les a un altre responsable, si es compleixen els requisits seg\u00fcents:<\/li><li><i class=\"icon-caret-right\"><\/i>1. El tractament es basa en el consentiment o en un contracte.<\/li><li><i class=\"icon-caret-right\"><\/i>2. El tractament es fa per mitjans automatitzats.<\/li><li><i class=\"icon-caret-right\"><\/i>Dret a retirar el consentiment prestat.<\/li><li><i class=\"icon-caret-right\"><\/i>Dret a reclamar davant l&#8217;Ag\u00e8ncia Espanyola de Protecci\u00f3 de Dades.<\/li><\/ul><\/div><\/div><p>\u00a0<\/p><p>L&#8217;Usuari pot exercitar els drets anteriorment indicats a l&#8217;adre\u00e7a de correu postal o electr\u00f2nica del Responsable, acreditant la seva identitat amb una c\u00f2pia escanejada del seu DNI o document equivalent, i especificant el dret que desitja exercir.<\/p><div class=\"fancy-title title-bottom-border\"><h2>PROCEDENCIA DE LES DADES<\/h2><\/div><p>Les dades personals han de ser facilitades pel propi interessat de forma absolutament volunt\u00e0ria. La manca d\u2019algunes dades o la no resposta de preguntes que puguin formular-se a la persona interessada en els processos de registre o a trav\u00e9s de formularis electr\u00f2nics, pot provocar la impossibilitat d\u2019acc\u00e9s a determinats serveis per a la prestaci\u00f3 dels quals \u00e9s imprescindible de disposar d\u2019aquestes dades de car\u00e0cter personal. En aquest cas, el Responsable del Tractament ha d\u2019informar del car\u00e0cter obligatori o necessari de facilitar les dades personals per al funcionament del servei. El Responsable assegura la confidencialitat de les seves dades personals i garanteix la seguretat d&#8217;aquests, adoptant les mesures necess\u00e0ries per a evitar la seva alteraci\u00f3, p\u00e8rdua, tractament o acc\u00e9s no autoritzat.<\/p><div class=\"fancy-title title-bottom-border\"><h2>INFORMACIO FACILITADA PER L&#8217;INTERESSAT\/INTERESSADA<\/h2><\/div><p>Els i les menors de 14 anys no poden cedir les seves dades personals sense el previ consentiment del seu pare\/mare i\/o tutors legals. L\u2019interessat\/interessada introduint les seves dades en els formularis de contacte o presentats en formularis de desc\u00e0rrega, accepten expressament i de forma lliure i inequ\u00edvoca que les seves dades s\u00f3n necess\u00e0ries perqu\u00e8 el Responsable atengui la seva petici\u00f3, i \u00e9s volunt\u00e0ria la inclusi\u00f3 de dades en els camps restants. L\u2019interessat\/interessada garanteix que les dades personals facilitades al prestador s\u00f3n veraces i es fa responsable de comunicar qualsevol modificaci\u00f3 d&#8217;aquestes. Totes les dades sol\u00b7licitades a trav\u00e9s del lloc web s\u00f3n necessaris per a la prestaci\u00f3 d&#8217;un servei \u00f2ptim a l\u2019interessat\/interessada. En cas que no siguin facilitades totes les dades, no es garanteix que la informaci\u00f3 i serveis que El responsable li faciliti, siguin completament ajustats a les seves necessitats.<\/p><div class=\"fancy-title title-bottom-border\"><h2>MESURES DE SEGURETAT<\/h2><\/div><p>Que de conformitat amb el que disposen les normatives vigents en mat\u00e8ria de protecci\u00f3 de dades personals, El Responsable est\u00e0 complint amb totes les disposicions de les normatives RGPD i LOPDGDD per al tractament de les dades personals de la seva responsabilitat, i manifestament amb els principis descrits en l&#8217;article 5 del RGPD i en l&#8217;article 4 de la LOPDGDD, pels quals s\u00f3n tractats de manera l\u00edcita, lleial i transparent en relaci\u00f3 amb l&#8217;interessat i adequades, pertinents i limitats al que \u00e9s necessari en relaci\u00f3 amb els fins per als quals s\u00f3n tractats. El responsable garanteix que ha implementat pol\u00edtiques t\u00e8cniques i organitzatives apropiades per aplicar les mesures de seguretat que estableixen el RGPD i la LOPDGDD per tal de protegir els drets i llibertats de l\u2019interessat\/interessada i els ha comunicat la informaci\u00f3 adequada perqu\u00e8 puguin exercir-los.<\/p><div class=\"fancy-title title-bottom-border\"><h2>BRETXES DE SEGURETAT<\/h2><\/div><p>El Responsable informar\u00e0 sobre qualsevol bretxa de seguretat que afecti la base de dades que utilitza aquest lloc web, o que afecti a qualsevol dels nostres serveis de tercers, a totes i cadascuna de les persones, dades dels quals puguin haver estat afectades, i autoritats, dins de les 72 hores seg\u00fcents a la detecci\u00f3 de la bretxa.<\/p><div class=\"fancy-title title-bottom-border\"><h2>LEGISLACI\u00d3 APLICABLE I JURISDICCI\u00d3<\/h2><\/div><p>Per a la resoluci\u00f3 de totes les controv\u00e8rsies o q\u00fcestions relacionades amb el present lloc web o de les activitats en ell desenvolupades, ser\u00e0 d&#8217;aplicaci\u00f3 la legislaci\u00f3 espanyola, a la qual se sotmeten expressament les parts, sent competents per a la resoluci\u00f3 de tots els conflictes derivats o relacionats amb el seu \u00fas els Jutjats i Tribunals de Lleida.<\/p>\t\t\t\t\t\t\t\t<\/div>\n\t\t\t\t<\/div>\n\t\t\t\t\t<\/div>\n\t\t\t\t<\/div>\n\t\t\t\t<\/div>\n\t\t","protected":false},"excerpt":{"rendered":"<p>Areni OFICINA T\u00c8CNICA ARENI, S.L., informa els usuaris del lloc web sobre la seva pol\u00edtica respecte al tractament i protecci\u00f3 de les dades de car\u00e0cter personal dels usuaris i clients. I garanteix en tot moment l&#8217;\u00edntegre i ple compliment de les obligacions disposades per la normativa de protecci\u00f3 de dades i serveis de la societat [&hellip;]<\/p>\n","protected":false},"author":1,"featured_media":0,"parent":0,"menu_order":0,"comment_status":"closed","ping_status":"closed","template":"","meta":{"footnotes":""},"class_list":["post-898","page","type-page","status-publish","hentry"],"_links":{"self":[{"href":"https:\/\/areni.cat\/es\/wp-json\/wp\/v2\/pages\/898","targetHints":{"allow":["GET"]}}],"collection":[{"href":"https:\/\/areni.cat\/es\/wp-json\/wp\/v2\/pages"}],"about":[{"href":"https:\/\/areni.cat\/es\/wp-json\/wp\/v2\/types\/page"}],"author":[{"embeddable":true,"href":"https:\/\/areni.cat\/es\/wp-json\/wp\/v2\/users\/1"}],"replies":[{"embeddable":true,"href":"https:\/\/areni.cat\/es\/wp-json\/wp\/v2\/comments?post=898"}],"version-history":[{"count":0,"href":"https:\/\/areni.cat\/es\/wp-json\/wp\/v2\/pages\/898\/revisions"}],"wp:attachment":[{"href":"https:\/\/areni.cat\/es\/wp-json\/wp\/v2\/media?parent=898"}],"curies":[{"name":"wp","href":"https:\/\/api.w.org\/{rel}","templated":true}]}}